{"id":151,"date":"2018-07-19T19:25:46","date_gmt":"2018-07-19T19:25:46","guid":{"rendered":"http:\/\/rima.artstudioworks.net\/?page_id=151"},"modified":"2023-02-15T16:03:18","modified_gmt":"2023-02-15T15:03:18","slug":"about-me","status":"publish","type":"page","link":"https:\/\/inspiring-dreams.fr\/?page_id=151","title":{"rendered":"About Us"},"content":{"rendered":"<section class=\"wpb-content-wrapper\">[vc_row][vc_column css=\u00a0\u00bb.vc_custom_1534499112003{padding-right: 0px !important;padding-left: 0px !important;}\u00a0\u00bb][vc_column_text css_animation=\u00a0\u00bbnone\u00a0\u00bb]Bienvenue sur notre blog, imagin\u00e9 et con\u00e7u pour \u00eatre avant tout un lieu d\u2019\u00e9changes, entre nous, pour et avec vous. Un espace comme une pause, vol\u00e9e avec le sourire dans notre quotidien, histoire de prendre le temps de nous \u00e9mouvoir, de r\u00eaver, de partager et de d\u00e9couvrir.<\/p>\n<p><strong>Tout ce qui nous inspire dessine nos prochains voyages d\u2019o\u00f9 le nom choisi\u00a0: \u00ab\u00a0<em>Inspiring Dreams<\/em>\u00a0\u00bb<\/strong><\/p>\n<p>Ici nulle pr\u00e9tention mais avant tout la simplicit\u00e9 des \u00e9crits des uns et autres, afin que chacun ajoute une petite note en couleurs pour peindre la fantaisie qui donne envie partir d\u00e9couvrir le monde entier\u00a0!<\/p>\n[\/vc_column_text]<div class=\"social-icons textcenter simple simple2862\"><ul class=\"unstyled\"><li class=\"social-facebook\"><a href=\"#\" target=\"_blank\" title=\"Facebook\"><i class=\"fab fa-facebook\"><\/i><\/a><span>Facebook<\/span><\/li><li class=\"social-twitter\"><a href=\"#\" target=\"_blank\" title=\"Twitter\"><i class=\"fab fa-twitter\"><\/i><\/a><span>Twitter<\/span><\/li><li class=\"social-pinterest\"><a href=\"#\" target=\"_blank\" title=\"Pinterest\"><i class=\"fab fa-pinterest-p\"><\/i><\/a><span>Pinterest<\/span><\/li><li class=\"social-instagram\"><a href=\"#\" target=\"_blank\" title=\"Instagram\"><i class=\"fab fa-instagram\"><\/i><\/a><span>Instagram<\/span><\/li><\/ul><\/div>[\/vc_column][\/vc_row]\n<\/section>","protected":false},"excerpt":{"rendered":"<p>[vc_row][vc_column css=\u00a0\u00bb.vc_custom_1534499112003{padding-right: 0px !important;padding-left: 0px !important;}\u00a0\u00bb][vc_column_text css_animation=\u00a0\u00bbnone\u00a0\u00bb]Bienvenue sur notre blog, imagin\u00e9 et con\u00e7u pour \u00eatre avant tout un lieu d\u2019\u00e9changes, entre nous, pour et avec vous. Un espace comme une pause, vol\u00e9e avec le sourire dans notre quotidien, histoire de prendre le temps de nous \u00e9mouvoir, de r\u00eaver, de partager et de<\/p>\n","protected":false},"author":1,"featured_media":710,"parent":0,"menu_order":0,"comment_status":"closed","ping_status":"closed","template":"","meta":{"footnotes":""},"class_list":["post-151","page","type-page","status-publish","has-post-thumbnail","hentry"],"yoast_head":"<!-- This site is optimized with the Yoast SEO plugin v24.0 - https:\/\/yoast.com\/wordpress\/plugins\/seo\/ -->\n<title>About Us - Inspiring Dreams<\/title>\n<meta name=\"robots\" content=\"index, follow, max-snippet:-1, max-image-preview:large, max-video-preview:-1\" \/>\n<link rel=\"canonical\" href=\"https:\/\/inspiring-dreams.fr\/?page_id=151\" \/>\n<meta property=\"og:locale\" content=\"fr_FR\" \/>\n<meta property=\"og:type\" content=\"article\" \/>\n<meta property=\"og:title\" content=\"About Us - Inspiring Dreams\" \/>\n<meta property=\"og:description\" content=\"[vc_row][vc_column css=\u00a0\u00bb.vc_custom_1534499112003{padding-right: 0px !important;padding-left: 0px !important;}\u00a0\u00bb][vc_column_text css_animation=\u00a0\u00bbnone\u00a0\u00bb]Bienvenue sur notre blog, imagin\u00e9 et con\u00e7u pour \u00eatre avant tout un lieu d\u2019\u00e9changes, entre nous, pour et avec vous. Un espace comme une pause, vol\u00e9e avec le sourire dans notre quotidien, histoire de prendre le temps de nous \u00e9mouvoir, de r\u00eaver, de partager et de\" \/>\n<meta property=\"og:url\" content=\"https:\/\/inspiring-dreams.fr\/?page_id=151\" \/>\n<meta property=\"og:site_name\" content=\"Inspiring Dreams\" \/>\n<meta property=\"article:modified_time\" content=\"2023-02-15T15:03:18+00:00\" \/>\n<meta property=\"og:image\" content=\"https:\/\/inspiring-dreams.fr\/wp-content\/uploads\/2023\/02\/inspiring-dream.jpg\" \/>\n\t<meta property=\"og:image:width\" content=\"1600\" \/>\n\t<meta property=\"og:image:height\" content=\"1150\" \/>\n\t<meta property=\"og:image:type\" content=\"image\/jpeg\" \/>\n<meta name=\"twitter:card\" content=\"summary_large_image\" \/>\n<meta name=\"twitter:label1\" content=\"Dur\u00e9e de lecture estim\u00e9e\" \/>\n\t<meta name=\"twitter:data1\" content=\"1 minute\" \/>\n<script type=\"application\/ld+json\" class=\"yoast-schema-graph\">{\"@context\":\"https:\/\/schema.org\",\"@graph\":[{\"@type\":\"WebPage\",\"@id\":\"https:\/\/inspiring-dreams.fr\/?page_id=151\",\"url\":\"https:\/\/inspiring-dreams.fr\/?page_id=151\",\"name\":\"About Us - Inspiring Dreams\",\"isPartOf\":{\"@id\":\"https:\/\/inspiring-dreams.fr\/#website\"},\"primaryImageOfPage\":{\"@id\":\"https:\/\/inspiring-dreams.fr\/?page_id=151#primaryimage\"},\"image\":{\"@id\":\"https:\/\/inspiring-dreams.fr\/?page_id=151#primaryimage\"},\"thumbnailUrl\":\"https:\/\/inspiring-dreams.fr\/wp-content\/uploads\/2023\/02\/inspiring-dream.jpg\",\"datePublished\":\"2018-07-19T19:25:46+00:00\",\"dateModified\":\"2023-02-15T15:03:18+00:00\",\"breadcrumb\":{\"@id\":\"https:\/\/inspiring-dreams.fr\/?page_id=151#breadcrumb\"},\"inLanguage\":\"fr-FR\",\"potentialAction\":[{\"@type\":\"ReadAction\",\"target\":[\"https:\/\/inspiring-dreams.fr\/?page_id=151\"]}]},{\"@type\":\"ImageObject\",\"inLanguage\":\"fr-FR\",\"@id\":\"https:\/\/inspiring-dreams.fr\/?page_id=151#primaryimage\",\"url\":\"https:\/\/inspiring-dreams.fr\/wp-content\/uploads\/2023\/02\/inspiring-dream.jpg\",\"contentUrl\":\"https:\/\/inspiring-dreams.fr\/wp-content\/uploads\/2023\/02\/inspiring-dream.jpg\",\"width\":1600,\"height\":1150},{\"@type\":\"BreadcrumbList\",\"@id\":\"https:\/\/inspiring-dreams.fr\/?page_id=151#breadcrumb\",\"itemListElement\":[{\"@type\":\"ListItem\",\"position\":1,\"name\":\"Accueil\",\"item\":\"https:\/\/inspiring-dreams.fr\/\"},{\"@type\":\"ListItem\",\"position\":2,\"name\":\"About Us\"}]},{\"@type\":\"WebSite\",\"@id\":\"https:\/\/inspiring-dreams.fr\/#website\",\"url\":\"https:\/\/inspiring-dreams.fr\/\",\"name\":\"Inspiring Dreams\",\"description\":\"\",\"publisher\":{\"@id\":\"https:\/\/inspiring-dreams.fr\/#organization\"},\"potentialAction\":[{\"@type\":\"SearchAction\",\"target\":{\"@type\":\"EntryPoint\",\"urlTemplate\":\"https:\/\/inspiring-dreams.fr\/?s={search_term_string}\"},\"query-input\":{\"@type\":\"PropertyValueSpecification\",\"valueRequired\":true,\"valueName\":\"search_term_string\"}}],\"inLanguage\":\"fr-FR\"},{\"@type\":\"Organization\",\"@id\":\"https:\/\/inspiring-dreams.fr\/#organization\",\"name\":\"Inspiring Dreams\",\"url\":\"https:\/\/inspiring-dreams.fr\/\",\"logo\":{\"@type\":\"ImageObject\",\"inLanguage\":\"fr-FR\",\"@id\":\"https:\/\/inspiring-dreams.fr\/#\/schema\/logo\/image\/\",\"url\":\"https:\/\/inspiring-dreams.fr\/wp-content\/uploads\/2023\/03\/inspiring-dreams.png\",\"contentUrl\":\"https:\/\/inspiring-dreams.fr\/wp-content\/uploads\/2023\/03\/inspiring-dreams.png\",\"width\":380,\"height\":46,\"caption\":\"Inspiring Dreams\"},\"image\":{\"@id\":\"https:\/\/inspiring-dreams.fr\/#\/schema\/logo\/image\/\"}}]}<\/script>\n<!-- \/ Yoast SEO plugin. -->","yoast_head_json":{"title":"About Us - Inspiring Dreams","robots":{"index":"index","follow":"follow","max-snippet":"max-snippet:-1","max-image-preview":"max-image-preview:large","max-video-preview":"max-video-preview:-1"},"canonical":"https:\/\/inspiring-dreams.fr\/?page_id=151","og_locale":"fr_FR","og_type":"article","og_title":"About Us - Inspiring Dreams","og_description":"[vc_row][vc_column css=\u00a0\u00bb.vc_custom_1534499112003{padding-right: 0px !important;padding-left: 0px !important;}\u00a0\u00bb][vc_column_text css_animation=\u00a0\u00bbnone\u00a0\u00bb]Bienvenue sur notre blog, imagin\u00e9 et con\u00e7u pour \u00eatre avant tout un lieu d\u2019\u00e9changes, entre nous, pour et avec vous. Un espace comme une pause, vol\u00e9e avec le sourire dans notre quotidien, histoire de prendre le temps de nous \u00e9mouvoir, de r\u00eaver, de partager et de","og_url":"https:\/\/inspiring-dreams.fr\/?page_id=151","og_site_name":"Inspiring Dreams","article_modified_time":"2023-02-15T15:03:18+00:00","og_image":[{"width":1600,"height":1150,"url":"https:\/\/inspiring-dreams.fr\/wp-content\/uploads\/2023\/02\/inspiring-dream.jpg","type":"image\/jpeg"}],"twitter_card":"summary_large_image","twitter_misc":{"Dur\u00e9e de lecture estim\u00e9e":"1 minute"},"schema":{"@context":"https:\/\/schema.org","@graph":[{"@type":"WebPage","@id":"https:\/\/inspiring-dreams.fr\/?page_id=151","url":"https:\/\/inspiring-dreams.fr\/?page_id=151","name":"About Us - Inspiring Dreams","isPartOf":{"@id":"https:\/\/inspiring-dreams.fr\/#website"},"primaryImageOfPage":{"@id":"https:\/\/inspiring-dreams.fr\/?page_id=151#primaryimage"},"image":{"@id":"https:\/\/inspiring-dreams.fr\/?page_id=151#primaryimage"},"thumbnailUrl":"https:\/\/inspiring-dreams.fr\/wp-content\/uploads\/2023\/02\/inspiring-dream.jpg","datePublished":"2018-07-19T19:25:46+00:00","dateModified":"2023-02-15T15:03:18+00:00","breadcrumb":{"@id":"https:\/\/inspiring-dreams.fr\/?page_id=151#breadcrumb"},"inLanguage":"fr-FR","potentialAction":[{"@type":"ReadAction","target":["https:\/\/inspiring-dreams.fr\/?page_id=151"]}]},{"@type":"ImageObject","inLanguage":"fr-FR","@id":"https:\/\/inspiring-dreams.fr\/?page_id=151#primaryimage","url":"https:\/\/inspiring-dreams.fr\/wp-content\/uploads\/2023\/02\/inspiring-dream.jpg","contentUrl":"https:\/\/inspiring-dreams.fr\/wp-content\/uploads\/2023\/02\/inspiring-dream.jpg","width":1600,"height":1150},{"@type":"BreadcrumbList","@id":"https:\/\/inspiring-dreams.fr\/?page_id=151#breadcrumb","itemListElement":[{"@type":"ListItem","position":1,"name":"Accueil","item":"https:\/\/inspiring-dreams.fr\/"},{"@type":"ListItem","position":2,"name":"About Us"}]},{"@type":"WebSite","@id":"https:\/\/inspiring-dreams.fr\/#website","url":"https:\/\/inspiring-dreams.fr\/","name":"Inspiring Dreams","description":"","publisher":{"@id":"https:\/\/inspiring-dreams.fr\/#organization"},"potentialAction":[{"@type":"SearchAction","target":{"@type":"EntryPoint","urlTemplate":"https:\/\/inspiring-dreams.fr\/?s={search_term_string}"},"query-input":{"@type":"PropertyValueSpecification","valueRequired":true,"valueName":"search_term_string"}}],"inLanguage":"fr-FR"},{"@type":"Organization","@id":"https:\/\/inspiring-dreams.fr\/#organization","name":"Inspiring Dreams","url":"https:\/\/inspiring-dreams.fr\/","logo":{"@type":"ImageObject","inLanguage":"fr-FR","@id":"https:\/\/inspiring-dreams.fr\/#\/schema\/logo\/image\/","url":"https:\/\/inspiring-dreams.fr\/wp-content\/uploads\/2023\/03\/inspiring-dreams.png","contentUrl":"https:\/\/inspiring-dreams.fr\/wp-content\/uploads\/2023\/03\/inspiring-dreams.png","width":380,"height":46,"caption":"Inspiring Dreams"},"image":{"@id":"https:\/\/inspiring-dreams.fr\/#\/schema\/logo\/image\/"}}]}},"_links":{"self":[{"href":"https:\/\/inspiring-dreams.fr\/index.php?rest_route=\/wp\/v2\/pages\/151","targetHints":{"allow":["GET"]}}],"collection":[{"href":"https:\/\/inspiring-dreams.fr\/index.php?rest_route=\/wp\/v2\/pages"}],"about":[{"href":"https:\/\/inspiring-dreams.fr\/index.php?rest_route=\/wp\/v2\/types\/page"}],"author":[{"embeddable":true,"href":"https:\/\/inspiring-dreams.fr\/index.php?rest_route=\/wp\/v2\/users\/1"}],"replies":[{"embeddable":true,"href":"https:\/\/inspiring-dreams.fr\/index.php?rest_route=%2Fwp%2Fv2%2Fcomments&post=151"}],"version-history":[{"count":6,"href":"https:\/\/inspiring-dreams.fr\/index.php?rest_route=\/wp\/v2\/pages\/151\/revisions"}],"predecessor-version":[{"id":625,"href":"https:\/\/inspiring-dreams.fr\/index.php?rest_route=\/wp\/v2\/pages\/151\/revisions\/625"}],"wp:featuredmedia":[{"embeddable":true,"href":"https:\/\/inspiring-dreams.fr\/index.php?rest_route=\/wp\/v2\/media\/710"}],"wp:attachment":[{"href":"https:\/\/inspiring-dreams.fr\/index.php?rest_route=%2Fwp%2Fv2%2Fmedia&parent=151"}],"curies":[{"name":"wp","href":"https:\/\/api.w.org\/{rel}","templated":true}]}}